{"id":723,"date":"2026-01-30T22:52:10","date_gmt":"2026-01-30T22:52:10","guid":{"rendered":"https:\/\/ivanazivic.com\/?post_type=product&#038;p=723"},"modified":"2026-03-02T12:24:05","modified_gmt":"2026-03-02T12:24:05","slug":"dawn","status":"publish","type":"product","link":"https:\/\/ivanazivic.com\/sr\/product\/dawn\/","title":{"rendered":"Svitanje"},"content":{"rendered":"<p>Limitirano izdanje printa na platnu dostupno u dimenzijama 70\u00d770 cm, 100\u00d7100 cm i 120\u00d7120 cm. \u0160tampano sa belim okvirom od 5 cm sa svih strana. Svaki primerak je ru\u010dno potpisan i numerisan (1 od 50). Besplatna dostava za Evropu i SAD. Isporu\u010duje se u rolnu radi bezbednog transporta.<br \/>\n\u0160tampano sa belim okvirom od 5 cm sa svih strana. Svaki primerak je ru\u010dno potpisan i numerisan (1 od 50).<br \/>\nBesplatna dostava za Evropu i SAD. Isporu\u010duje se u rolnu radi bezbednog transporta.<\/p>","protected":false},"excerpt":{"rendered":"<p>Limitirano izdanje printa na platnu dostupno u dimenzijama 70\u00d770 cm, 100\u00d7100 cm i 120\u00d7120 cm. \u0160tampano sa belim okvirom od 5 cm sa svih strana. Svaki primerak je ru\u010dno potpisan i numerisan (1 od 50). Besplatna dostava za Evropu i SAD. Isporu\u010duje se u rolnu radi bezbednog transporta.<\/p>","protected":false},"featured_media":727,"template":"","meta":[],"product_brand":[],"product_cat":[28],"product_tag":[],"class_list":{"0":"post-723","1":"product","2":"type-product","3":"status-publish","4":"has-post-thumbnail","6":"product_cat-prints","8":"first","9":"instock","10":"shipping-taxable","11":"purchasable","12":"product-type-variable","13":"has-default-attributes"},"yoast_head":"<!-- This site is optimized with the Yoast SEO plugin v26.8 - https:\/\/yoast.com\/product\/yoast-seo-wordpress\/ -->\n<title>Dawn - ivanazivic.com<\/title>\n<meta name=\"robots\" content=\"index, follow, max-snippet:-1, max-image-preview:large, max-video-preview:-1\" \/>\n<link rel=\"canonical\" href=\"https:\/\/ivanazivic.com\/sr\/product\/dawn\/\" \/>\n<meta property=\"og:locale\" content=\"sr_RS\" \/>\n<meta property=\"og:type\" content=\"article\" \/>\n<meta property=\"og:title\" content=\"Dawn - ivanazivic.com\" \/>\n<meta property=\"og:description\" content=\"Limited edition canvas print available in 70\u00d770 cm, 100\u00d7100 cm, and 120\u00d7120 cm. Printed with 5 cm white border on all sides. Each piece is hand-signed and numbered (1 of 50). Free shipping to Europe and the USA. Delivered rolled for safe transport.\" \/>\n<meta property=\"og:url\" content=\"https:\/\/ivanazivic.com\/sr\/product\/dawn\/\" \/>\n<meta property=\"og:site_name\" content=\"ivanazivic.com\" \/>\n<meta property=\"article:modified_time\" content=\"2026-03-02T12:24:05+00:00\" \/>\n<meta property=\"og:image\" content=\"https:\/\/ivanazivic.com\/wp-content\/uploads\/2026\/01\/Dawn-scaled-e1772454238530.jpg\" \/>\n\t<meta property=\"og:image:width\" content=\"1080\" \/>\n\t<meta property=\"og:image:height\" content=\"1061\" \/>\n\t<meta property=\"og:image:type\" content=\"image\/jpeg\" \/>\n<meta name=\"twitter:card\" content=\"summary_large_image\" \/>\n<meta name=\"twitter:label1\" content=\"\u041f\u0440\u043e\u0446\u0435\u045a\u0435\u043d\u043e \u0432\u0440\u0435\u043c\u0435 \u0447\u0438\u0442\u0430\u045a\u0430\" \/>\n\t<meta name=\"twitter:data1\" content=\"1 \u043c\u0438\u043d\u0443\u0442\" \/>\n<script type=\"application\/ld+json\" class=\"yoast-schema-graph\">{\"@context\":\"https:\/\/schema.org\",\"@graph\":[{\"@type\":\"WebPage\",\"@id\":\"https:\/\/ivanazivic.com\/product\/dawn\/\",\"url\":\"https:\/\/ivanazivic.com\/product\/dawn\/\",\"name\":\"Dawn - ivanazivic.com\",\"isPartOf\":{\"@id\":\"https:\/\/ivanazivic.com\/#website\"},\"primaryImageOfPage\":{\"@id\":\"https:\/\/ivanazivic.com\/product\/dawn\/#primaryimage\"},\"image\":{\"@id\":\"https:\/\/ivanazivic.com\/product\/dawn\/#primaryimage\"},\"thumbnailUrl\":\"https:\/\/ivanazivic.com\/wp-content\/uploads\/2026\/01\/Dawn-scaled-e1772454238530.jpg\",\"datePublished\":\"2026-01-30T22:52:10+00:00\",\"dateModified\":\"2026-03-02T12:24:05+00:00\",\"breadcrumb\":{\"@id\":\"https:\/\/ivanazivic.com\/product\/dawn\/#breadcrumb\"},\"inLanguage\":\"sr-RS\",\"potentialAction\":[{\"@type\":\"ReadAction\",\"target\":[\"https:\/\/ivanazivic.com\/product\/dawn\/\"]}]},{\"@type\":\"ImageObject\",\"inLanguage\":\"sr-RS\",\"@id\":\"https:\/\/ivanazivic.com\/product\/dawn\/#primaryimage\",\"url\":\"https:\/\/ivanazivic.com\/wp-content\/uploads\/2026\/01\/Dawn-scaled-e1772454238530.jpg\",\"contentUrl\":\"https:\/\/ivanazivic.com\/wp-content\/uploads\/2026\/01\/Dawn-scaled-e1772454238530.jpg\",\"width\":1080,\"height\":1061},{\"@type\":\"BreadcrumbList\",\"@id\":\"https:\/\/ivanazivic.com\/product\/dawn\/#breadcrumb\",\"itemListElement\":[{\"@type\":\"ListItem\",\"position\":1,\"name\":\"Home\",\"item\":\"https:\/\/ivanazivic.com\/\"},{\"@type\":\"ListItem\",\"position\":2,\"name\":\"Shop\",\"item\":\"https:\/\/ivanazivic.com\/shop\/\"},{\"@type\":\"ListItem\",\"position\":3,\"name\":\"Dawn\"}]},{\"@type\":\"WebSite\",\"@id\":\"https:\/\/ivanazivic.com\/#website\",\"url\":\"https:\/\/ivanazivic.com\/\",\"name\":\"ivanazivic.com\",\"description\":\"\",\"potentialAction\":[{\"@type\":\"SearchAction\",\"target\":{\"@type\":\"EntryPoint\",\"urlTemplate\":\"https:\/\/ivanazivic.com\/?s={search_term_string}\"},\"query-input\":{\"@type\":\"PropertyValueSpecification\",\"valueRequired\":true,\"valueName\":\"search_term_string\"}}],\"inLanguage\":\"sr-RS\"}]}<\/script>\n<!-- \/ Yoast SEO plugin. -->","yoast_head_json":{"title":"Dawn - ivanazivic.com","robots":{"index":"index","follow":"follow","max-snippet":"max-snippet:-1","max-image-preview":"max-image-preview:large","max-video-preview":"max-video-preview:-1"},"canonical":"https:\/\/ivanazivic.com\/sr\/product\/dawn\/","og_locale":"sr_RS","og_type":"article","og_title":"Dawn - ivanazivic.com","og_description":"Limited edition canvas print available in 70\u00d770 cm, 100\u00d7100 cm, and 120\u00d7120 cm. Printed with 5 cm white border on all sides. Each piece is hand-signed and numbered (1 of 50). Free shipping to Europe and the USA. Delivered rolled for safe transport.","og_url":"https:\/\/ivanazivic.com\/sr\/product\/dawn\/","og_site_name":"ivanazivic.com","article_modified_time":"2026-03-02T12:24:05+00:00","og_image":[{"width":1080,"height":1061,"url":"https:\/\/ivanazivic.com\/wp-content\/uploads\/2026\/01\/Dawn-scaled-e1772454238530.jpg","type":"image\/jpeg"}],"twitter_card":"summary_large_image","twitter_misc":{"\u041f\u0440\u043e\u0446\u0435\u045a\u0435\u043d\u043e \u0432\u0440\u0435\u043c\u0435 \u0447\u0438\u0442\u0430\u045a\u0430":"1 \u043c\u0438\u043d\u0443\u0442"},"schema":{"@context":"https:\/\/schema.org","@graph":[{"@type":"WebPage","@id":"https:\/\/ivanazivic.com\/product\/dawn\/","url":"https:\/\/ivanazivic.com\/product\/dawn\/","name":"Dawn - ivanazivic.com","isPartOf":{"@id":"https:\/\/ivanazivic.com\/#website"},"primaryImageOfPage":{"@id":"https:\/\/ivanazivic.com\/product\/dawn\/#primaryimage"},"image":{"@id":"https:\/\/ivanazivic.com\/product\/dawn\/#primaryimage"},"thumbnailUrl":"https:\/\/ivanazivic.com\/wp-content\/uploads\/2026\/01\/Dawn-scaled-e1772454238530.jpg","datePublished":"2026-01-30T22:52:10+00:00","dateModified":"2026-03-02T12:24:05+00:00","breadcrumb":{"@id":"https:\/\/ivanazivic.com\/product\/dawn\/#breadcrumb"},"inLanguage":"sr-RS","potentialAction":[{"@type":"ReadAction","target":["https:\/\/ivanazivic.com\/product\/dawn\/"]}]},{"@type":"ImageObject","inLanguage":"sr-RS","@id":"https:\/\/ivanazivic.com\/product\/dawn\/#primaryimage","url":"https:\/\/ivanazivic.com\/wp-content\/uploads\/2026\/01\/Dawn-scaled-e1772454238530.jpg","contentUrl":"https:\/\/ivanazivic.com\/wp-content\/uploads\/2026\/01\/Dawn-scaled-e1772454238530.jpg","width":1080,"height":1061},{"@type":"BreadcrumbList","@id":"https:\/\/ivanazivic.com\/product\/dawn\/#breadcrumb","itemListElement":[{"@type":"ListItem","position":1,"name":"Home","item":"https:\/\/ivanazivic.com\/"},{"@type":"ListItem","position":2,"name":"Shop","item":"https:\/\/ivanazivic.com\/shop\/"},{"@type":"ListItem","position":3,"name":"Dawn"}]},{"@type":"WebSite","@id":"https:\/\/ivanazivic.com\/#website","url":"https:\/\/ivanazivic.com\/","name":"ivanazivi\u0107.com","description":"","potentialAction":[{"@type":"SearchAction","target":{"@type":"EntryPoint","urlTemplate":"https:\/\/ivanazivic.com\/?s={search_term_string}"},"query-input":{"@type":"PropertyValueSpecification","valueRequired":true,"valueName":"search_term_string"}}],"inLanguage":"sr-RS"}]}},"jetpack_sharing_enabled":true,"_links":{"self":[{"href":"https:\/\/ivanazivic.com\/sr\/wp-json\/wp\/v2\/product\/723","targetHints":{"allow":["GET"]}}],"collection":[{"href":"https:\/\/ivanazivic.com\/sr\/wp-json\/wp\/v2\/product"}],"about":[{"href":"https:\/\/ivanazivic.com\/sr\/wp-json\/wp\/v2\/types\/product"}],"wp:featuredmedia":[{"embeddable":true,"href":"https:\/\/ivanazivic.com\/sr\/wp-json\/wp\/v2\/media\/727"}],"wp:attachment":[{"href":"https:\/\/ivanazivic.com\/sr\/wp-json\/wp\/v2\/media?parent=723"}],"wp:term":[{"taxonomy":"product_brand","embeddable":true,"href":"https:\/\/ivanazivic.com\/sr\/wp-json\/wp\/v2\/product_brand?post=723"},{"taxonomy":"product_cat","embeddable":true,"href":"https:\/\/ivanazivic.com\/sr\/wp-json\/wp\/v2\/product_cat?post=723"},{"taxonomy":"product_tag","embeddable":true,"href":"https:\/\/ivanazivic.com\/sr\/wp-json\/wp\/v2\/product_tag?post=723"}],"curies":[{"name":"wp","href":"https:\/\/api.w.org\/{rel}","templated":true}]}}