{"id":10,"date":"2025-12-23T21:23:17","date_gmt":"2025-12-23T21:23:17","guid":{"rendered":"https:\/\/elegant-orange-pig.176-9-172-14.cpanel.site\/?page_id=10"},"modified":"2026-03-18T13:04:00","modified_gmt":"2026-03-18T13:04:00","slug":"home","status":"publish","type":"page","link":"https:\/\/ivanazivic.com\/sr\/","title":{"rendered":"Po\u010detna"},"content":{"rendered":"<section class=\"wp-block-group alignfull is-layout-flow wp-block-group-is-layout-flow\" style=\"margin-top:0;margin-bottom:var(--wp--preset--spacing--100);padding-top:0;padding-right:0;padding-bottom:0;padding-left:0\">\n\n\n<div class=\"wp-block-cover has-parallax\" style=\"min-height:700px;aspect-ratio:unset;\"><div class=\"wp-block-cover__image-background wp-image-937 size-large has-parallax\" style=\"background-position:30% 11%;background-image:url(https:\/\/ivanazivic.com\/wp-content\/uploads\/2026\/03\/homepage-cover-1024x1024.jpg)\"><\/div><span aria-hidden=\"true\" class=\"wp-block-cover__background has-background-dim-30 has-background-dim\" style=\"background-color:#75696a\"><\/span><div class=\"wp-block-cover__inner-container has-global-padding is-layout-constrained wp-block-cover-is-layout-constrained\">\n<div class=\"wp-block-columns is-layout-flex wp-container-core-columns-is-layout-28f84493 wp-block-columns-is-layout-flex\">\n<div class=\"wp-block-column is-layout-flow wp-block-column-is-layout-flow\" style=\"padding-top:0px;padding-right:0px;padding-bottom:0px;padding-left:0px;flex-basis:50%\">\n<h1 class=\"wp-block-heading has-text-color has-link-color wp-elements-581d73b987e35d271c60c432d7baf812\" style=\"color:#b89d4f\">Ivana \u017divi\u0107<\/h1>\n\n\n\n<p style=\"font-size:1.1rem;line-height:1.6\">Istra\u017eite najnovija dela iz kolekcije Ivane \u017divi\u0107, koja sadr\u017ee potopljene enterijere, vodene pejza\u017ee i narative nalik snovima koji istra\u017euju dubine ljudskih emocija.<\/p>\n\n\n\n<div style=\"height:40px\" aria-hidden=\"true\" class=\"wp-block-spacer\"><\/div>\n\n\n\n<div class=\"wp-block-buttons is-layout-flex wp-block-buttons-is-layout-flex\">\n<div class=\"wp-block-button is-style-outline is-style-outline--1\"><a class=\"wp-block-button__link wp-element-button\" href=\"\/sr\/available-works\/\" style=\"padding-top:15px;padding-right:30px;padding-bottom:15px;padding-left:30px\">Pogledajte kolekciju<\/a><\/div>\n<\/div>\n<\/div>\n\n\n\n<div class=\"wp-block-column is-layout-flow wp-block-column-is-layout-flow\" style=\"flex-basis:50%\"><\/div>\n<\/div>\n<\/div><\/div>\n<\/section>\n\n\n\n\n\n<section class=\"wp-block-group alignfull is-layout-flow wp-block-group-is-layout-flow\" style=\"padding-top:var(--wp--preset--spacing--30);padding-right:var(--wp--preset--spacing--20);padding-bottom:var(--wp--preset--spacing--30);padding-left:var(--wp--preset--spacing--20)\">\n<h2 class=\"wp-block-heading has-text-align-center\">Istra\u017eite<\/h2>\n\n\n\n<p class=\"has-text-align-center\">Otkrijte slike, crte\u017ee, instalacije i jo\u0161 mnogo toga.<\/p>\n\n\n\n<div class=\"wp-block-columns alignwide is-layout-flex wp-container-core-columns-is-layout-28f84493 wp-block-columns-is-layout-flex\">\n<div class=\"wp-block-column is-layout-flow wp-block-column-is-layout-flow\">\n<div class=\"wp-block-group has-border-color has-base-border-color has-global-padding is-layout-constrained wp-container-core-group-is-layout-76def422 wp-block-group-is-layout-constrained\" style=\"border-width:1px;padding-top:30px;padding-right:20px;padding-bottom:30px;padding-left:20px\">\n<h3 class=\"wp-block-heading\">Dela<\/h3>\n\n\n\n<p>Sveobuhvatna kolekcija slika, crte\u017ea, instalacija i radova me\u0161ovitih tehnika.<\/p>\n\n\n\n<div class=\"wp-block-buttons is-layout-flex wp-block-buttons-is-layout-flex\">\n<div class=\"wp-block-button has-custom-width wp-block-button__width-100 is-style-outline is-style-outline--3\"><a class=\"wp-block-button__link wp-element-button\" href=\"\/sr\/available-works\/\">Pogledajte galeriju \u2192<\/a><\/div>\n<\/div>\n<\/div>\n<\/div>\n\n\n\n<div class=\"wp-block-column is-layout-flow wp-block-column-is-layout-flow\">\n<div class=\"wp-block-group has-border-color has-base-border-color has-global-padding is-layout-constrained wp-container-core-group-is-layout-76def422 wp-block-group-is-layout-constrained\" style=\"border-width:1px;padding-top:30px;padding-right:20px;padding-bottom:30px;padding-left:20px\">\n<h3 class=\"wp-block-heading\">\u0160tampa i mediji<\/h3>\n\n\n\n<p>Intervjui, \u010dlanci, TV prilozi i izve\u0161tavanje u \u0161tampi sa izlo\u017ebi i projekata.<\/p>\n\n\n\n<div class=\"wp-block-buttons is-layout-flex wp-block-buttons-is-layout-flex\">\n<div class=\"wp-block-button has-custom-width wp-block-button__width-100 is-style-outline is-style-outline--4\"><a class=\"wp-block-button__link wp-element-button\" href=\"\/sr\/press\/\">Pro\u010ditajte vi\u0161e \u2192<\/a><\/div>\n<\/div>\n<\/div>\n<\/div>\n\n\n\n<div class=\"wp-block-column is-layout-flow wp-block-column-is-layout-flow\">\n<div class=\"wp-block-group has-border-color has-base-border-color has-global-padding is-layout-constrained wp-container-core-group-is-layout-76def422 wp-block-group-is-layout-constrained\" style=\"border-width:1px;padding-top:30px;padding-right:20px;padding-bottom:30px;padding-left:20px\">\n<h3 class=\"wp-block-heading\">Prodavnica<\/h3>\n\n\n\n<p>Dostupna dela za kupovinu. Pregledajte kolekciju originalnih slika i ograni\u010denih izdanja.<\/p>\n\n\n\n<div class=\"wp-block-buttons is-layout-flex wp-block-buttons-is-layout-flex\">\n<div class=\"wp-block-button has-custom-width wp-block-button__width-100 is-style-outline is-style-outline--5\"><a class=\"wp-block-button__link wp-element-button\" href=\"https:\/\/ivanazivic.com\/sr\/shop\/#shop-now\">Posetite prodavnicu \u2192<\/a><\/div>\n<\/div>\n<\/div>\n<\/div>\n<\/div>\n\n\n\n<div class=\"wp-block-columns alignwide is-layout-flex wp-container-core-columns-is-layout-28f84493 wp-block-columns-is-layout-flex\">\n<div class=\"wp-block-column is-layout-flow wp-block-column-is-layout-flow\">\n<div class=\"wp-block-group has-border-color has-base-border-color has-global-padding is-layout-constrained wp-container-core-group-is-layout-76def422 wp-block-group-is-layout-constrained\" style=\"border-width:1px;padding-top:30px;padding-right:20px;padding-bottom:30px;padding-left:20px\">\n<h3 class=\"wp-block-heading\">Biografija<\/h3>\n\n\n\n<p>Saznajte vi\u0161e o umetnikovom poreklu, obrazovanju, izlo\u017ebama i umetni\u010dkom putovanju.<\/p>\n\n\n\n<div class=\"wp-block-buttons is-layout-flex wp-block-buttons-is-layout-flex\">\n<div class=\"wp-block-button has-custom-width wp-block-button__width-100 is-style-outline is-style-outline--6\"><a class=\"wp-block-button__link wp-element-button\" href=\"\/sr\/biography-cv\/\">Pogledajte CV \u2192<\/a><\/div>\n<\/div>\n<\/div>\n<\/div>\n\n\n\n<div class=\"wp-block-column is-layout-flow wp-block-column-is-layout-flow\">\n<div class=\"wp-block-group has-border-color has-base-border-color has-global-padding is-layout-constrained wp-container-core-group-is-layout-76def422 wp-block-group-is-layout-constrained\" style=\"border-width:1px;padding-top:30px;padding-right:20px;padding-bottom:30px;padding-left:20px\">\n<h3 class=\"wp-block-heading\">Kontakt<\/h3>\n\n\n\n<p>Za upite, saradnju ili zahteve za \u0161tampu, kontaktirajte nas.<\/p>\n\n\n\n<div class=\"wp-block-buttons is-layout-flex wp-block-buttons-is-layout-flex\">\n<div class=\"wp-block-button has-custom-width wp-block-button__width-100 is-style-outline is-style-outline--7\"><a class=\"wp-block-button__link wp-element-button\" href=\"https:\/\/ivanazivic.com\/sr\/biography-cv\/\">Kontakt \u2192<\/a><\/div>\n<\/div>\n<\/div>\n<\/div>\n\n\n\n<div class=\"wp-block-column is-layout-flow wp-block-column-is-layout-flow\">\n<div class=\"wp-block-group has-border-color has-base-border-color has-global-padding is-layout-constrained wp-container-core-group-is-layout-76def422 wp-block-group-is-layout-constrained\" style=\"border-width:1px;padding-top:30px;padding-right:20px;padding-bottom:30px;padding-left:20px\">\n<h3 class=\"wp-block-heading\">Kolekcija<\/h3>\n\n\n\n<p>Slike i crte\u017ei u kolekciji sa raznih izlo\u017ebi i privatnih kolekcija.<\/p>\n\n\n\n<div class=\"wp-block-buttons is-layout-flex wp-block-buttons-is-layout-flex\">\n<div class=\"wp-block-button has-custom-width wp-block-button__width-100 is-style-outline is-style-outline--8\"><a class=\"wp-block-button__link wp-element-button\" href=\"https:\/\/ivanazivic.com\/sr\/paintings-in-collection\/\">Pogledajte kolekciju \u2192<\/a><\/div>\n<\/div>\n<\/div>\n<\/div>\n<\/div>\n<\/section>\n\n\n\n<section class=\"wp-block-group alignfull has-background is-layout-flow wp-block-group-is-layout-flow\" style=\"background-color:#f8f8f8;padding-top:80px;padding-right:20px;padding-bottom:80px;padding-left:20px\">\n<h2 class=\"wp-block-heading has-text-align-center\">Kontaktiraj me<\/h2>\n\n\n\n<p class=\"has-text-align-center\">Za upite, saradnju ili zahteve za \u0161tampu, kontaktiraj me.<\/p>\n\n\n\n<div style=\"height:40px\" aria-hidden=\"true\" class=\"wp-block-spacer\"><\/div>\n\n\n\n<div class=\"wp-block-buttons is-content-justification-center is-layout-flex wp-container-core-buttons-is-layout-a89b3969 wp-block-buttons-is-layout-flex\">\n<div class=\"wp-block-button is-style-outline is-style-outline--9\"><a class=\"wp-block-button__link wp-element-button\" href=\"https:\/\/ivanazivic.com\/sr\/biography-cv\/\">Kontaktiraj me \u2192<\/a><\/div>\n<\/div>\n<\/section>\n\n\n\n<section class=\"wp-block-group alignfull has-global-padding is-layout-constrained wp-container-core-group-is-layout-949e22b5 wp-block-group-is-layout-constrained\" style=\"padding-top:80px;padding-right:20px;padding-bottom:80px;padding-left:20px\">\n<div id=\"metaslider-id-407\" style=\"width: 100%;\" class=\"ml-slider-3-105-0 metaslider metaslider-flex metaslider-407 ml-slider has-dots-nav has-carousel-mode ms-theme-default\" role=\"region\" aria-label=\"Na\u0161i klijenti\" data-height=\"130\" data-width=\"130\">\n    <div id=\"metaslider_container_407\">\n        <div id=\"metaslider_407\">\n            <ul class='slides'>\n                <li style=\"display: none; width: 100%;\" class=\"slide-410 ms-image\" aria-roledescription=\"slide\" data-date=\"2026-01-23 12:24:19\" data-filename=\"Screenshot-2025-12-30-at-19.54.01-130x130.png\" data-slide-type=\"image\"><a href=\"https:\/\/www.youtube.com\/watch?v=fXC15XPO-4o\" target=\"_blank\" aria-label=\"View Slide Details\" class=\"metaslider_image_link\"><img loading=\"lazy\" decoding=\"async\" src=\"https:\/\/ivanazivic.com\/wp-content\/uploads\/2026\/01\/Screenshot-2025-12-30-at-19.54.01-130x130.png\" height=\"130\" width=\"130\" alt=\"\" class=\"slider-407 slide-410 msDefaultImage\" title=\"Snimak ekrana 30.12.2025. u 19:54:01\" \/><\/a><\/li>\n                <li style=\"display: none; width: 100%;\" class=\"slide-411 ms-image\" aria-roledescription=\"slide\" data-date=\"2026-01-23 12:24:19\" data-filename=\"Screenshot-2025-12-30-at-18.15.09-130x130.png\" data-slide-type=\"image\"><a href=\"https:\/\/www.artsy.net\/artist\/ivana-zivic\" target=\"_blank\" aria-label=\"View Slide Details\" class=\"metaslider_image_link\"><img loading=\"lazy\" decoding=\"async\" src=\"https:\/\/ivanazivic.com\/wp-content\/uploads\/2026\/01\/Screenshot-2025-12-30-at-18.15.09-130x130.png\" height=\"130\" width=\"130\" alt=\"\" class=\"slider-407 slide-411 msDefaultImage\" title=\"Snimak ekrana 2025-12-30 u 18:15.09\" \/><\/a><\/li>\n                <li style=\"display: none; width: 100%;\" class=\"slide-412 ms-image\" aria-roledescription=\"slide\" data-date=\"2026-01-23 12:24:19\" data-filename=\"sachi-130x130.jpg\" data-slide-type=\"image\"><a href=\"https:\/\/www.islingtongazette.co.uk\/things-to-do\/21227491.art-fair-show-devoted-rising-talent-returns-weekend\/\" target=\"_blank\" aria-label=\"View Slide Details\" class=\"metaslider_image_link\"><img loading=\"lazy\" decoding=\"async\" src=\"https:\/\/ivanazivic.com\/wp-content\/uploads\/2026\/03\/sachi-130x130.jpg\" height=\"130\" width=\"130\" alt=\"\" class=\"slider-407 slide-412 msDefaultImage\" title=\"sachi\" \/><\/a><\/li>\n                <li style=\"display: none; width: 100%;\" class=\"slide-413 ms-image\" aria-roledescription=\"slide\" data-date=\"2026-01-23 12:24:19\" data-filename=\"scope-130x130.jpg\" data-slide-type=\"image\"><a href=\"https:\/\/www.themiamiartscene.com\/event\/scope-miami-beach-2023\/\" target=\"_self\" aria-label=\"View Slide Details\" class=\"metaslider_image_link\"><img loading=\"lazy\" decoding=\"async\" src=\"https:\/\/ivanazivic.com\/wp-content\/uploads\/2026\/03\/scope-130x130.jpg\" height=\"130\" width=\"130\" alt=\"\" class=\"slider-407 slide-413 msDefaultImage\" title=\"scope\" \/><\/a><\/li>\n                <li style=\"display: none; width: 100%;\" class=\"slide-414 ms-image\" aria-roledescription=\"slide\" data-date=\"2026-01-23 12:24:19\" data-filename=\"nordart-130x130.jpg\" data-slide-type=\"image\"><a href=\"https:\/\/wannabemagazine.com\/intervju-ivana-zivic-umetnica-koja-nas-je-predstavila-na-nordart-izlozbi\/\" target=\"_blank\" aria-label=\"View Slide Details\" class=\"metaslider_image_link\"><img loading=\"lazy\" decoding=\"async\" src=\"https:\/\/ivanazivic.com\/wp-content\/uploads\/2026\/03\/nordart-130x130.jpg\" height=\"130\" width=\"130\" alt=\"\" class=\"slider-407 slide-414 msDefaultImage\" title=\"nordart\" \/><\/a><\/li>\n                <li style=\"display: none; width: 100%;\" class=\"slide-415 ms-image\" aria-roledescription=\"slide\" data-date=\"2026-01-23 12:24:19\" data-filename=\"Screenshot-2025-12-30-at-17.51.11-130x130.png\" data-slide-type=\"image\"><a href=\"https:\/\/www.rts.rs\/lat\/magazin\/kultura\/vesti\/5812873\/andricev-institut-visegrad-velika-nagrada-ivo-andric-emir-kusturica.html\" target=\"_blank\" aria-label=\"View Slide Details\" class=\"metaslider_image_link\"><img loading=\"lazy\" decoding=\"async\" src=\"https:\/\/ivanazivic.com\/wp-content\/uploads\/2026\/01\/Screenshot-2025-12-30-at-17.51.11-130x130.png\" height=\"130\" width=\"130\" alt=\"\" class=\"slider-407 slide-415 msDefaultImage\" title=\"Snimak ekrana 30.12.2025. u 17.51.11\" \/><\/a><\/li>\n                <li style=\"display: none; width: 100%;\" class=\"slide-416 ms-image\" aria-roledescription=\"slide\" data-date=\"2026-01-23 12:24:19\" data-filename=\"Screenshot-2025-12-30-at-17.49.45-130x130.png\" data-slide-type=\"image\"><img loading=\"lazy\" decoding=\"async\" src=\"https:\/\/ivanazivic.com\/wp-content\/uploads\/2026\/01\/Screenshot-2025-12-30-at-17.49.45-130x130.png\" height=\"130\" width=\"130\" alt=\"\" class=\"slider-407 slide-416 msDefaultImage\" title=\"Snimak ekrana 30.12.2025. u 17:49:45\" \/><\/li>\n                <li style=\"display: none; width: 100%;\" class=\"slide-417 ms-image\" aria-roledescription=\"slide\" data-date=\"2026-01-23 12:24:19\" data-filename=\"artison-130x130.jpg\" data-slide-type=\"image\"><a href=\"https:\/\/www.magazine-artension.fr\/project\/artension-n168\/\" target=\"_blank\" aria-label=\"View Slide Details\" class=\"metaslider_image_link\"><img loading=\"lazy\" decoding=\"async\" src=\"https:\/\/ivanazivic.com\/wp-content\/uploads\/2026\/03\/artison-130x130.jpg\" height=\"130\" width=\"130\" alt=\"\" class=\"slider-407 slide-417 msDefaultImage\" title=\"artison\" \/><\/a><\/li>\n                <li style=\"display: none; width: 100%;\" class=\"slide-418 ms-image\" aria-roledescription=\"slide\" data-date=\"2026-01-23 12:24:19\" data-filename=\"Screenshot-2025-12-29-at-17.25.57-130x130.png\" data-slide-type=\"image\"><a href=\"https:\/\/www.rts.rs\/lat\/rts\/Dijaspora\/vesti\/3778611\/ivani-zivic-nagrada-za-crtez-na-salonu-u-parizu.html\" target=\"_blank\" aria-label=\"View Slide Details\" class=\"metaslider_image_link\"><img loading=\"lazy\" decoding=\"async\" src=\"https:\/\/ivanazivic.com\/wp-content\/uploads\/2026\/01\/Screenshot-2025-12-29-at-17.25.57-130x130.png\" height=\"130\" width=\"130\" alt=\"\" class=\"slider-407 slide-418 msDefaultImage\" title=\"Snimak ekrana 29.12.2025. u 17:25:57\" \/><\/a><\/li>\n                <li style=\"display: none; width: 100%;\" class=\"slide-419 ms-image\" aria-roledescription=\"slide\" data-date=\"2026-01-23 12:24:19\" data-filename=\"Screenshot-2025-12-29-at-17.18.52-130x130.png\" data-slide-type=\"image\"><a href=\"https:\/\/mpu.rs\/malta-bijenale-2024-malta-bienale2024\/\" target=\"_blank\" aria-label=\"View Slide Details\" class=\"metaslider_image_link\"><img loading=\"lazy\" decoding=\"async\" src=\"https:\/\/ivanazivic.com\/wp-content\/uploads\/2026\/01\/Screenshot-2025-12-29-at-17.18.52-130x130.png\" height=\"130\" width=\"130\" alt=\"\" class=\"slider-407 slide-419 msDefaultImage\" title=\"Snimak ekrana 29.12.2025. u 17:18:52\" \/><\/a><\/li>\n                <li style=\"display: none; width: 100%;\" class=\"slide-977 ms-image\" aria-roledescription=\"slide\" data-date=\"2026-03-19 12:20:31\" data-filename=\"viber-130x130.jpg\" data-slide-type=\"image\"><a href=\"https:\/\/www.youtube.com\/watch?v=b2zWmDfjJDM\" target=\"_blank\" aria-label=\"View Slide Details\" class=\"metaslider_image_link\"><img loading=\"lazy\" decoding=\"async\" src=\"https:\/\/ivanazivic.com\/wp-content\/uploads\/2026\/03\/viber-130x130.jpg\" height=\"130\" width=\"130\" alt=\"\" class=\"slider-407 slide-977 msDefaultImage\" title=\"viber\" \/><\/a><\/li>\n            <\/ul>\n        <\/div>\n        \n    <\/div>\n<\/div>\n<\/section>","protected":false},"excerpt":{"rendered":"<p>About the Artist Ivana \u017divi\u0107 was born in 1979 in Sarajevo (BIH). She graduated from the Faculty of Fine Arts of the University of Arts in Belgrade, Department of Painting (2004). She completed her postgraduate studies at the same university (2008). She has exhibited in 20 solo and over 50 group exhibitions at home and abroad. Her work has been [&hellip;]<\/p>","protected":false},"author":1,"featured_media":0,"parent":0,"menu_order":1,"comment_status":"closed","ping_status":"closed","template":"","meta":{"footnotes":""},"class_list":["post-10","page","type-page","status-publish","hentry"],"yoast_head":"<!-- This site is optimized with the Yoast SEO plugin v26.8 - https:\/\/yoast.com\/product\/yoast-seo-wordpress\/ -->\n<title>Home - ivanazivic.com<\/title>\n<meta name=\"robots\" content=\"index, follow, max-snippet:-1, max-image-preview:large, max-video-preview:-1\" \/>\n<link rel=\"canonical\" href=\"https:\/\/ivanazivic.com\/sr\/\" \/>\n<meta property=\"og:locale\" content=\"sr_RS\" \/>\n<meta property=\"og:type\" content=\"article\" \/>\n<meta property=\"og:title\" content=\"Home - ivanazivic.com\" \/>\n<meta property=\"og:description\" content=\"About the Artist Ivana \u017divi\u0107 was born in 1979 in Sarajevo (BIH). She graduated from the Faculty of Fine Arts of the University of Arts in Belgrade, Department of Painting (2004). She completed her postgraduate studies at the same university (2008). She has exhibited in 20 solo and over 50 group exhibitions at home and abroad. Her work has been [&hellip;]\" \/>\n<meta property=\"og:url\" content=\"https:\/\/ivanazivic.com\/sr\/\" \/>\n<meta property=\"og:site_name\" content=\"ivanazivic.com\" \/>\n<meta property=\"article:modified_time\" content=\"2026-03-18T13:04:00+00:00\" \/>\n<meta property=\"og:image\" content=\"https:\/\/ivanazivic.com\/wp-content\/uploads\/2026\/01\/1-San-o-slobodi-120-x-120-cm-ulje-na-platnu-2021jpg.jpg\" \/>\n<meta name=\"twitter:card\" content=\"summary_large_image\" \/>\n<meta name=\"twitter:label1\" content=\"\u041f\u0440\u043e\u0446\u0435\u045a\u0435\u043d\u043e \u0432\u0440\u0435\u043c\u0435 \u0447\u0438\u0442\u0430\u045a\u0430\" \/>\n\t<meta name=\"twitter:data1\" content=\"2 \u043c\u0438\u043d\u0443\u0442\u0430\" \/>\n<script type=\"application\/ld+json\" class=\"yoast-schema-graph\">{\"@context\":\"https:\/\/schema.org\",\"@graph\":[{\"@type\":\"WebPage\",\"@id\":\"https:\/\/ivanazivic.com\/\",\"url\":\"https:\/\/ivanazivic.com\/\",\"name\":\"Home - ivanazivic.com\",\"isPartOf\":{\"@id\":\"https:\/\/ivanazivic.com\/#website\"},\"primaryImageOfPage\":{\"@id\":\"https:\/\/ivanazivic.com\/#primaryimage\"},\"image\":{\"@id\":\"https:\/\/ivanazivic.com\/#primaryimage\"},\"thumbnailUrl\":\"https:\/\/ivanazivic.com\/wp-content\/uploads\/2026\/01\/1-San-o-slobodi-120-x-120-cm-ulje-na-platnu-2021jpg.jpg\",\"datePublished\":\"2025-12-23T21:23:17+00:00\",\"dateModified\":\"2026-03-18T13:04:00+00:00\",\"breadcrumb\":{\"@id\":\"https:\/\/ivanazivic.com\/#breadcrumb\"},\"inLanguage\":\"sr-RS\",\"potentialAction\":[{\"@type\":\"ReadAction\",\"target\":[\"https:\/\/ivanazivic.com\/\"]}]},{\"@type\":\"ImageObject\",\"inLanguage\":\"sr-RS\",\"@id\":\"https:\/\/ivanazivic.com\/#primaryimage\",\"url\":\"https:\/\/ivanazivic.com\/wp-content\/uploads\/2026\/01\/1-San-o-slobodi-120-x-120-cm-ulje-na-platnu-2021jpg.jpg\",\"contentUrl\":\"https:\/\/ivanazivic.com\/wp-content\/uploads\/2026\/01\/1-San-o-slobodi-120-x-120-cm-ulje-na-platnu-2021jpg.jpg\"},{\"@type\":\"BreadcrumbList\",\"@id\":\"https:\/\/ivanazivic.com\/#breadcrumb\",\"itemListElement\":[{\"@type\":\"ListItem\",\"position\":1,\"name\":\"Home\",\"item\":\"https:\/\/ivanazivic.com\/\"},{\"@type\":\"ListItem\",\"position\":2,\"name\":\"Home\"}]},{\"@type\":\"WebSite\",\"@id\":\"https:\/\/ivanazivic.com\/#website\",\"url\":\"https:\/\/ivanazivic.com\/\",\"name\":\"ivanazivic.com\",\"description\":\"\",\"potentialAction\":[{\"@type\":\"SearchAction\",\"target\":{\"@type\":\"EntryPoint\",\"urlTemplate\":\"https:\/\/ivanazivic.com\/?s={search_term_string}\"},\"query-input\":{\"@type\":\"PropertyValueSpecification\",\"valueRequired\":true,\"valueName\":\"search_term_string\"}}],\"inLanguage\":\"sr-RS\"}]}<\/script>\n<!-- \/ Yoast SEO plugin. -->","yoast_head_json":{"title":"Home - ivanazivic.com","robots":{"index":"index","follow":"follow","max-snippet":"max-snippet:-1","max-image-preview":"max-image-preview:large","max-video-preview":"max-video-preview:-1"},"canonical":"https:\/\/ivanazivic.com\/sr\/","og_locale":"sr_RS","og_type":"article","og_title":"Home - ivanazivic.com","og_description":"About the Artist Ivana \u017divi\u0107 was born in 1979 in Sarajevo (BIH). She graduated from the Faculty of Fine Arts of the University of Arts in Belgrade, Department of Painting (2004). She completed her postgraduate studies at the same university (2008). She has exhibited in 20 solo and over 50 group exhibitions at home and abroad. Her work has been [&hellip;]","og_url":"https:\/\/ivanazivic.com\/sr\/","og_site_name":"ivanazivic.com","article_modified_time":"2026-03-18T13:04:00+00:00","og_image":[{"url":"https:\/\/ivanazivic.com\/wp-content\/uploads\/2026\/01\/1-San-o-slobodi-120-x-120-cm-ulje-na-platnu-2021jpg.jpg","type":"","width":"","height":""}],"twitter_card":"summary_large_image","twitter_misc":{"\u041f\u0440\u043e\u0446\u0435\u045a\u0435\u043d\u043e \u0432\u0440\u0435\u043c\u0435 \u0447\u0438\u0442\u0430\u045a\u0430":"2 \u043c\u0438\u043d\u0443\u0442\u0430"},"schema":{"@context":"https:\/\/schema.org","@graph":[{"@type":"WebPage","@id":"https:\/\/ivanazivic.com\/","url":"https:\/\/ivanazivic.com\/","name":"Home - ivanazivic.com","isPartOf":{"@id":"https:\/\/ivanazivic.com\/#website"},"primaryImageOfPage":{"@id":"https:\/\/ivanazivic.com\/#primaryimage"},"image":{"@id":"https:\/\/ivanazivic.com\/#primaryimage"},"thumbnailUrl":"https:\/\/ivanazivic.com\/wp-content\/uploads\/2026\/01\/1-San-o-slobodi-120-x-120-cm-ulje-na-platnu-2021jpg.jpg","datePublished":"2025-12-23T21:23:17+00:00","dateModified":"2026-03-18T13:04:00+00:00","breadcrumb":{"@id":"https:\/\/ivanazivic.com\/#breadcrumb"},"inLanguage":"sr-RS","potentialAction":[{"@type":"ReadAction","target":["https:\/\/ivanazivic.com\/"]}]},{"@type":"ImageObject","inLanguage":"sr-RS","@id":"https:\/\/ivanazivic.com\/#primaryimage","url":"https:\/\/ivanazivic.com\/wp-content\/uploads\/2026\/01\/1-San-o-slobodi-120-x-120-cm-ulje-na-platnu-2021jpg.jpg","contentUrl":"https:\/\/ivanazivic.com\/wp-content\/uploads\/2026\/01\/1-San-o-slobodi-120-x-120-cm-ulje-na-platnu-2021jpg.jpg"},{"@type":"BreadcrumbList","@id":"https:\/\/ivanazivic.com\/#breadcrumb","itemListElement":[{"@type":"ListItem","position":1,"name":"Home","item":"https:\/\/ivanazivic.com\/"},{"@type":"ListItem","position":2,"name":"Home"}]},{"@type":"WebSite","@id":"https:\/\/ivanazivic.com\/#website","url":"https:\/\/ivanazivic.com\/","name":"ivanazivi\u0107.com","description":"","potentialAction":[{"@type":"SearchAction","target":{"@type":"EntryPoint","urlTemplate":"https:\/\/ivanazivic.com\/?s={search_term_string}"},"query-input":{"@type":"PropertyValueSpecification","valueRequired":true,"valueName":"search_term_string"}}],"inLanguage":"sr-RS"}]}},"jetpack_sharing_enabled":true,"_links":{"self":[{"href":"https:\/\/ivanazivic.com\/sr\/wp-json\/wp\/v2\/pages\/10","targetHints":{"allow":["GET"]}}],"collection":[{"href":"https:\/\/ivanazivic.com\/sr\/wp-json\/wp\/v2\/pages"}],"about":[{"href":"https:\/\/ivanazivic.com\/sr\/wp-json\/wp\/v2\/types\/page"}],"author":[{"embeddable":true,"href":"https:\/\/ivanazivic.com\/sr\/wp-json\/wp\/v2\/users\/1"}],"replies":[{"embeddable":true,"href":"https:\/\/ivanazivic.com\/sr\/wp-json\/wp\/v2\/comments?post=10"}],"version-history":[{"count":65,"href":"https:\/\/ivanazivic.com\/sr\/wp-json\/wp\/v2\/pages\/10\/revisions"}],"predecessor-version":[{"id":970,"href":"https:\/\/ivanazivic.com\/sr\/wp-json\/wp\/v2\/pages\/10\/revisions\/970"}],"wp:attachment":[{"href":"https:\/\/ivanazivic.com\/sr\/wp-json\/wp\/v2\/media?parent=10"}],"curies":[{"name":"wp","href":"https:\/\/api.w.org\/{rel}","templated":true}]}}